{"id":160,"date":"2022-07-19T05:10:02","date_gmt":"2022-07-19T05:10:02","guid":{"rendered":"https:\/\/acueductocomunitarioaqua7.org\/?page_id=160"},"modified":"2022-07-21T23:54:27","modified_gmt":"2022-07-21T23:54:27","slug":"elementor-160","status":"publish","type":"page","link":"https:\/\/acueductocomunitarioaqua7.org\/index.php\/elementor-160\/","title":{"rendered":"Bienvenido\/a de nuevo"},"content":{"rendered":"\n<p>\u00a1Has ingresado a nuestro portal web! Desde ac\u00e1 podr\u00e1s revisar, informarte acerca de los procesos que se llevan al interior de nuestra corporaci\u00f3n. Somos una organizaci\u00f3n comunitaria que se constituye como entidad de derecho privado sin \u00e1nimo de lucro, de inter\u00e9s social, regida bajo los principios de la econom\u00eda solidaria y que act\u00faa como persona jur\u00eddica constituida por sus Asociados\/as con patrimonio propio y autonom\u00eda administrativa.\u00a0<\/p>\n\n\n\n<hr class=\"wp-block-separator has-alpha-channel-opacity\"\/>\n\n\n\n<p>Te invitamos a que navegues por todo nuestro portal; conoce algunos de nuestros servicios: <\/p>\n","protected":false},"excerpt":{"rendered":"<p>\u00a1Has ingresado a nuestro portal web! Desde ac\u00e1 podr\u00e1s revisar, informarte acerca de los procesos que se llevan al interior de nuestra corporaci\u00f3n. Somos una organizaci\u00f3n comunitaria que se constituye como entidad de derecho privado sin \u00e1nimo de lucro, de inter\u00e9s social, regida bajo los principios de la econom\u00eda solidaria y que act\u00faa como persona &hellip; <\/p>\n","protected":false},"author":1,"featured_media":0,"parent":0,"menu_order":0,"comment_status":"closed","ping_status":"closed","template":"","meta":{"om_disable_all_campaigns":false,"_monsterinsights_skip_tracking":false,"_monsterinsights_sitenote_active":false,"_monsterinsights_sitenote_note":"","_monsterinsights_sitenote_category":0,"footnotes":""},"_links":{"self":[{"href":"https:\/\/acueductocomunitarioaqua7.org\/index.php\/wp-json\/wp\/v2\/pages\/160"}],"collection":[{"href":"https:\/\/acueductocomunitarioaqua7.org\/index.php\/wp-json\/wp\/v2\/pages"}],"about":[{"href":"https:\/\/acueductocomunitarioaqua7.org\/index.php\/wp-json\/wp\/v2\/types\/page"}],"author":[{"embeddable":true,"href":"https:\/\/acueductocomunitarioaqua7.org\/index.php\/wp-json\/wp\/v2\/users\/1"}],"replies":[{"embeddable":true,"href":"https:\/\/acueductocomunitarioaqua7.org\/index.php\/wp-json\/wp\/v2\/comments?post=160"}],"version-history":[{"count":8,"href":"https:\/\/acueductocomunitarioaqua7.org\/index.php\/wp-json\/wp\/v2\/pages\/160\/revisions"}],"predecessor-version":[{"id":244,"href":"https:\/\/acueductocomunitarioaqua7.org\/index.php\/wp-json\/wp\/v2\/pages\/160\/revisions\/244"}],"wp:attachment":[{"href":"https:\/\/acueductocomunitarioaqua7.org\/index.php\/wp-json\/wp\/v2\/media?parent=160"}],"curies":[{"name":"wp","href":"https:\/\/api.w.org\/{rel}","templated":true}]}}