{"id":179,"date":"2022-07-20T21:17:18","date_gmt":"2022-07-20T21:17:18","guid":{"rendered":"https:\/\/acueductocomunitarioaqua7.org\/?page_id=179"},"modified":"2022-07-21T22:45:14","modified_gmt":"2022-07-21T22:45:14","slug":"nuestras-oficinas","status":"publish","type":"page","link":"https:\/\/acueductocomunitarioaqua7.org\/index.php\/nuestras-oficinas\/","title":{"rendered":"Nuestras Oficinas"},"content":{"rendered":"\t\t<div data-elementor-type=\"wp-page\" data-elementor-id=\"179\" class=\"elementor elementor-179\" data-elementor-settings=\"[]\">\n\t\t\t\t\t\t\t<div class=\"elementor-section-wrap\">\n\t\t\t\t\t\t\t<section class=\"elementor-section elementor-top-section elementor-element elementor-element-c9d1399 elementor-section-boxed elementor-section-height-default elementor-section-height-default\" data-id=\"c9d1399\" data-element_type=\"section\">\n\t\t\t\t\t\t<div class=\"elementor-container elementor-column-gap-default\">\n\t\t\t\t\t<div class=\"elementor-column elementor-col-100 elementor-top-column elementor-element elementor-element-77999ec\" data-id=\"77999ec\" data-element_type=\"column\">\n\t\t\t<div class=\"elementor-widget-wrap elementor-element-populated\">\n\t\t\t\t\t\t\t\t<div class=\"elementor-element elementor-element-752c6d2 elementor-view-default elementor-widget elementor-widget-icon\" data-id=\"752c6d2\" data-element_type=\"widget\" data-widget_type=\"icon.default\">\n\t\t\t\t<div class=\"elementor-widget-container\">\n\t\t\t\t\t<div class=\"elementor-icon-wrapper\">\n\t\t\t<div class=\"elementor-icon\">\n\t\t\t<i aria-hidden=\"true\" class=\"fas fa-border-all\"><\/i>\t\t\t<\/div>\n\t\t<\/div>\n\t\t\t\t<\/div>\n\t\t\t\t<\/div>\n\t\t\t\t<div class=\"elementor-element elementor-element-6100f7b elementor-widget elementor-widget-text-editor\" data-id=\"6100f7b\" data-element_type=\"widget\" data-widget_type=\"text-editor.default\">\n\t\t\t\t<div class=\"elementor-widget-container\">\n\t\t\t\t\t<div class=\"elementor-text-editor elementor-clearfix\"><p>Nuestras oficinas est\u00e1n ubicadas en el departamento del Meta, municipio de Acac\u00edas en la direcci\u00f3n calle 8a#22-61 barrio Pablo Emilio Riveros.<\/p><\/div>\n\t\t\t\t<\/div>\n\t\t\t\t<\/div>\n\t\t\t\t<div class=\"elementor-element elementor-element-a5934f2 elementor-widget elementor-widget-alert\" data-id=\"a5934f2\" data-element_type=\"widget\" data-widget_type=\"alert.default\">\n\t\t\t\t<div class=\"elementor-widget-container\">\n\t\t\t\t\t<div class=\"elementor-alert elementor-alert-warning\" role=\"alert\">\n\t\t\t<span class=\"elementor-alert-title\">\u00a1Recuerda!<\/span>\n\t\t\t\t\t\t\t<span class=\"elementor-alert-description\">Nuestros horarios de atenci\u00f3n son de lunes a viernes de 7am a 12pm y de 2pm - 5pm. Solo se atender\u00e1n usuarios y\/o asociados en dicho horario. Te esperamos.<\/span>\n\t\t\t\t\t\t\t\t<\/div>\n\t\t\t\t<\/div>\n\t\t\t\t<\/div>\n\t\t\t\t\t<\/div>\n\t\t<\/div>\n\t\t\t\t\t\t\t<\/div>\n\t\t<\/section>\n\t\t\t\t<section class=\"elementor-section elementor-top-section elementor-element elementor-element-705bdac elementor-section-boxed elementor-section-height-default elementor-section-height-default\" data-id=\"705bdac\" data-element_type=\"section\">\n\t\t\t\t\t\t<div class=\"elementor-container elementor-column-gap-default\">\n\t\t\t\t\t<div class=\"elementor-column elementor-col-100 elementor-top-column elementor-element elementor-element-9540190\" data-id=\"9540190\" data-element_type=\"column\">\n\t\t\t<div class=\"elementor-widget-wrap elementor-element-populated\">\n\t\t\t\t\t\t\t\t<div class=\"elementor-element elementor-element-65d9ce5 elementor-widget elementor-widget-google_maps\" data-id=\"65d9ce5\" data-element_type=\"widget\" data-widget_type=\"google_maps.default\">\n\t\t\t\t<div class=\"elementor-widget-container\">\n\t\t\t<div class=\"elementor-custom-embed\"><iframe frameborder=\"0\" scrolling=\"no\" marginheight=\"0\" marginwidth=\"0\" src=\"https:\/\/maps.google.com\/maps?q=Cl.%208%20%2322-66%20ACACIAS&amp;t=m&amp;z=18&amp;output=embed&amp;iwloc=near\" title=\"Cl. 8 #22-66 ACACIAS\" aria-label=\"Cl. 8 #22-66 ACACIAS\"><\/iframe><\/div>\t\t<\/div>\n\t\t\t\t<\/div>\n\t\t\t\t\t<\/div>\n\t\t<\/div>\n\t\t\t\t\t\t\t<\/div>\n\t\t<\/section>\n\t\t\t\t<section class=\"elementor-section elementor-top-section elementor-element elementor-element-6d445b5 elementor-section-boxed elementor-section-height-default elementor-section-height-default\" data-id=\"6d445b5\" data-element_type=\"section\">\n\t\t\t\t\t\t<div class=\"elementor-container elementor-column-gap-default\">\n\t\t\t\t\t<div class=\"elementor-column elementor-col-100 elementor-top-column elementor-element elementor-element-4f3f98f\" data-id=\"4f3f98f\" data-element_type=\"column\">\n\t\t\t<div class=\"elementor-widget-wrap elementor-element-populated\">\n\t\t\t\t\t\t\t\t<div class=\"elementor-element elementor-element-286bce1 elementor-star-rating--align-center elementor--star-style-star_fontawesome elementor-widget elementor-widget-star-rating\" data-id=\"286bce1\" data-element_type=\"widget\" data-widget_type=\"star-rating.default\">\n\t\t\t\t<div class=\"elementor-widget-container\">\n\t\t\t\n\t\t<div class=\"elementor-star-rating__wrapper\">\n\t\t\t\t\t\t<div class=\"elementor-star-rating\" title=\"5\/5\" itemtype=\"http:\/\/schema.org\/Rating\" itemscope=\"\" itemprop=\"reviewRating\"><i class=\"elementor-star-full\">&#xE933;<\/i><i class=\"elementor-star-full\">&#xE933;<\/i><i class=\"elementor-star-full\">&#xE933;<\/i><i class=\"elementor-star-full\">&#xE933;<\/i><i class=\"elementor-star-full\">&#xE933;<\/i> <span itemprop=\"ratingValue\" class=\"elementor-screen-only\">5\/5<\/span><\/div>\t\t<\/div>\n\t\t\t\t<\/div>\n\t\t\t\t<\/div>\n\t\t\t\t\t<\/div>\n\t\t<\/div>\n\t\t\t\t\t\t\t<\/div>\n\t\t<\/section>\n\t\t\t\t\t\t<\/div>\n\t\t\t\t\t<\/div>\n\t\t","protected":false},"excerpt":{"rendered":"<p>Nuestras oficinas est\u00e1n ubicadas en el departamento del Meta, municipio de Acac\u00edas en la direcci\u00f3n calle 8a#22-61 barrio Pablo Emilio Riveros. \u00a1Recuerda! Nuestros horarios de atenci\u00f3n son de lunes a viernes de 7am a 12pm y de 2pm &#8211; 5pm. Solo se atender\u00e1n usuarios y\/o asociados en dicho horario. Te esperamos. &#xE933;&#xE933;&#xE933;&#xE933;&#xE933; 5\/5<\/p>\n","protected":false},"author":1,"featured_media":0,"parent":0,"menu_order":0,"comment_status":"closed","ping_status":"closed","template":"","meta":{"om_disable_all_campaigns":false,"_monsterinsights_skip_tracking":false,"_monsterinsights_sitenote_active":false,"_monsterinsights_sitenote_note":"","_monsterinsights_sitenote_category":0,"footnotes":""},"_links":{"self":[{"href":"https:\/\/acueductocomunitarioaqua7.org\/index.php\/wp-json\/wp\/v2\/pages\/179"}],"collection":[{"href":"https:\/\/acueductocomunitarioaqua7.org\/index.php\/wp-json\/wp\/v2\/pages"}],"about":[{"href":"https:\/\/acueductocomunitarioaqua7.org\/index.php\/wp-json\/wp\/v2\/types\/page"}],"author":[{"embeddable":true,"href":"https:\/\/acueductocomunitarioaqua7.org\/index.php\/wp-json\/wp\/v2\/users\/1"}],"replies":[{"embeddable":true,"href":"https:\/\/acueductocomunitarioaqua7.org\/index.php\/wp-json\/wp\/v2\/comments?post=179"}],"version-history":[{"count":7,"href":"https:\/\/acueductocomunitarioaqua7.org\/index.php\/wp-json\/wp\/v2\/pages\/179\/revisions"}],"predecessor-version":[{"id":235,"href":"https:\/\/acueductocomunitarioaqua7.org\/index.php\/wp-json\/wp\/v2\/pages\/179\/revisions\/235"}],"wp:attachment":[{"href":"https:\/\/acueductocomunitarioaqua7.org\/index.php\/wp-json\/wp\/v2\/media?parent=179"}],"curies":[{"name":"wp","href":"https:\/\/api.w.org\/{rel}","templated":true}]}}