{"id":58,"date":"2021-04-17T17:38:38","date_gmt":"2021-04-17T17:38:38","guid":{"rendered":"https:\/\/acueductocomunitarioaqua7.org\/?page_id=58"},"modified":"2022-07-21T22:10:18","modified_gmt":"2022-07-21T22:10:18","slug":"mision","status":"publish","type":"page","link":"https:\/\/acueductocomunitarioaqua7.org\/index.php\/mision\/","title":{"rendered":"Misi\u00f3n"},"content":{"rendered":"\n<hr class=\"wp-block-separator has-alpha-channel-opacity\"\/>\n\n\n\n<p>Nuestro principal objetivo es satisfacer las necesidades de los asociados, mediante la prestaci\u00f3n del servicio de acueducto, gestionando los recursos que generen desarrollo y crecimiento a la Asociaci\u00f3n, garantizando calidad en los procesos con un sistema tarifario equitativo, transparente, que permita la sostenibilidad financiera, para lo cual la asociaci\u00f3n cuenta con un servicio \u00f3ptimo, oportuno, calificado, reglamentado, propiciando la participaci\u00f3n y requerimientos de la comunidad de manera eficiente, respetando el medioambiente<\/p>\n","protected":false},"excerpt":{"rendered":"<p>Nuestro principal objetivo es satisfacer las necesidades de los asociados, mediante la prestaci\u00f3n del servicio de acueducto, gestionando los recursos que generen desarrollo y crecimiento a la Asociaci\u00f3n, garantizando calidad en los procesos con un sistema tarifario equitativo, transparente, que permita la sostenibilidad financiera, para lo cual la asociaci\u00f3n cuenta con un servicio \u00f3ptimo, oportuno, &hellip; <\/p>\n","protected":false},"author":1,"featured_media":0,"parent":0,"menu_order":0,"comment_status":"closed","ping_status":"closed","template":"","meta":{"om_disable_all_campaigns":false,"_monsterinsights_skip_tracking":false,"_monsterinsights_sitenote_active":false,"_monsterinsights_sitenote_note":"","_monsterinsights_sitenote_category":0,"footnotes":""},"_links":{"self":[{"href":"https:\/\/acueductocomunitarioaqua7.org\/index.php\/wp-json\/wp\/v2\/pages\/58"}],"collection":[{"href":"https:\/\/acueductocomunitarioaqua7.org\/index.php\/wp-json\/wp\/v2\/pages"}],"about":[{"href":"https:\/\/acueductocomunitarioaqua7.org\/index.php\/wp-json\/wp\/v2\/types\/page"}],"author":[{"embeddable":true,"href":"https:\/\/acueductocomunitarioaqua7.org\/index.php\/wp-json\/wp\/v2\/users\/1"}],"replies":[{"embeddable":true,"href":"https:\/\/acueductocomunitarioaqua7.org\/index.php\/wp-json\/wp\/v2\/comments?post=58"}],"version-history":[{"count":2,"href":"https:\/\/acueductocomunitarioaqua7.org\/index.php\/wp-json\/wp\/v2\/pages\/58\/revisions"}],"predecessor-version":[{"id":218,"href":"https:\/\/acueductocomunitarioaqua7.org\/index.php\/wp-json\/wp\/v2\/pages\/58\/revisions\/218"}],"wp:attachment":[{"href":"https:\/\/acueductocomunitarioaqua7.org\/index.php\/wp-json\/wp\/v2\/media?parent=58"}],"curies":[{"name":"wp","href":"https:\/\/api.w.org\/{rel}","templated":true}]}}