{"id":59,"date":"2021-04-17T17:38:38","date_gmt":"2021-04-17T17:38:38","guid":{"rendered":"https:\/\/acueductocomunitarioaqua7.org\/?page_id=59"},"modified":"2022-07-21T22:11:46","modified_gmt":"2022-07-21T22:11:46","slug":"vision","status":"publish","type":"page","link":"https:\/\/acueductocomunitarioaqua7.org\/index.php\/vision\/","title":{"rendered":"Visi\u00f3n"},"content":{"rendered":"\n<hr class=\"wp-block-separator has-alpha-channel-opacity\"\/>\n\n\n\n<p>Ser\u00a0 para el a\u00f1o 2025 una asociaci\u00f3n l\u00edder, en la prestaci\u00f3n de servicio p\u00fablico de acueducto, contando con una estructura id\u00f3nea y eficiente a nivel rural, enfocada a prestar servicios de excelente calidad que satisfaga las necesidades de los asociados, contar con un talento humano competente y comprometido, que busque una mejora continua en la prestaci\u00f3n del servicio, promoviendo la preservaci\u00f3n del medio ambiente, consolidado la cultura del uso eficiente del agua y la responsabilidad social, con el fin de generar calidad de vida.<\/p>\n","protected":false},"excerpt":{"rendered":"<p>Ser\u00a0 para el a\u00f1o 2025 una asociaci\u00f3n l\u00edder, en la prestaci\u00f3n de servicio p\u00fablico de acueducto, contando con una estructura id\u00f3nea y eficiente a nivel rural, enfocada a prestar servicios de excelente calidad que satisfaga las necesidades de los asociados, contar con un talento humano competente y comprometido, que busque una mejora continua en la &hellip; <\/p>\n","protected":false},"author":1,"featured_media":0,"parent":0,"menu_order":0,"comment_status":"closed","ping_status":"closed","template":"","meta":{"om_disable_all_campaigns":false,"_monsterinsights_skip_tracking":false,"_monsterinsights_sitenote_active":false,"_monsterinsights_sitenote_note":"","_monsterinsights_sitenote_category":0,"footnotes":""},"_links":{"self":[{"href":"https:\/\/acueductocomunitarioaqua7.org\/index.php\/wp-json\/wp\/v2\/pages\/59"}],"collection":[{"href":"https:\/\/acueductocomunitarioaqua7.org\/index.php\/wp-json\/wp\/v2\/pages"}],"about":[{"href":"https:\/\/acueductocomunitarioaqua7.org\/index.php\/wp-json\/wp\/v2\/types\/page"}],"author":[{"embeddable":true,"href":"https:\/\/acueductocomunitarioaqua7.org\/index.php\/wp-json\/wp\/v2\/users\/1"}],"replies":[{"embeddable":true,"href":"https:\/\/acueductocomunitarioaqua7.org\/index.php\/wp-json\/wp\/v2\/comments?post=59"}],"version-history":[{"count":3,"href":"https:\/\/acueductocomunitarioaqua7.org\/index.php\/wp-json\/wp\/v2\/pages\/59\/revisions"}],"predecessor-version":[{"id":220,"href":"https:\/\/acueductocomunitarioaqua7.org\/index.php\/wp-json\/wp\/v2\/pages\/59\/revisions\/220"}],"wp:attachment":[{"href":"https:\/\/acueductocomunitarioaqua7.org\/index.php\/wp-json\/wp\/v2\/media?parent=59"}],"curies":[{"name":"wp","href":"https:\/\/api.w.org\/{rel}","templated":true}]}}